{"id":939,"date":"2021-09-28T22:20:34","date_gmt":"2021-09-28T22:20:34","guid":{"rendered":"https:\/\/loresimall.com\/?post_type=product&#038;p=939"},"modified":"2025-02-18T12:26:44","modified_gmt":"2025-02-18T12:26:44","slug":"100-plant-derived-squalane-30-ml","status":"publish","type":"product","link":"https:\/\/loresimall.com\/index.php\/product\/100-plant-derived-squalane-30-ml\/","title":{"rendered":"100% Plant-Derived Squalane 30 ml"},"content":{"rendered":"<p><img fetchpriority=\"high\" decoding=\"async\" class=\"wp-image-943 size-thumbnail aligncenter\" src=\"https:\/\/loresimall.com\/wp-content\/uploads\/2021\/09\/rdn-100pct-plant-derived-squalane-30ml-1-280x280.png\" alt=\"\" width=\"280\" height=\"280\" \/><\/p>\n<p style=\"text-align: center;\">\n<p style=\"text-align: center;\">The Ordinary 100% Plant-Derived Squalane. Sa\u011fl\u0131kl\u0131 Nemlendirmeyi Destekleyen Bitki Kaynakl\u0131 Bir \u00c7\u00f6z\u00fcm Squalane ciltte do\u011fal olarak bulunan doymu\u015f ve stabil bir hidrokarbondur. \u00c7ok y\u00fcksek bir yumu\u015fatma \u00f6zelli\u011fine sahip, istisnai bir nemlendiricidir ve dermal esnekli\u011fi bozan s\u00fcrekli hidrasyon kayb\u0131n\u0131 \u00f6nleyebilir Squalane komedojenik de\u011fildir ve t\u00fcm cilt tiplerinde kullan\u0131m i\u00e7in uygundur. Is\u0131 korumas\u0131n\u0131 art\u0131rmak, parlakl\u0131k eklemek ve k\u0131r\u0131lma potansiyelini azaltmak i\u00e7in sa\u00e7a da uygulanabilir<\/p>\n<p style=\"text-align: center;\">\u00dcR\u00dcN A\u00c7IKLAMASI;<\/p>\n<p style=\"text-align: center;\">Ciltte do\u011fal olarak bulunan doymu\u015f ve stabil bir hidrokarbondur. \u00c7ok y\u00fcksek bir yumu\u015fama \u00f6zelli\u011fine sahip, istisnai bir nemlendiricidir ve dermal esnekli\u011fi bozan s\u00fcrekli hidrasyon kayb\u0131n\u0131 \u00f6nleyebilir. Skualen komedojenik de\u011fildir ve t\u00fcm cilt tiplerinde kullan\u0131m i\u00e7in uygundur. Is\u0131 korumas\u0131n\u0131 art\u0131rmak, parlakl\u0131k eklemek ve k\u0131r\u0131lma potansiyelini azaltmak i\u00e7in sa\u00e7a da uygulanabilir.<\/p>\n<p style=\"text-align: center;\">\n<p style=\"text-align: center;\">\u00dcR\u00dcN BARKODU: 0769915190885<\/p>\n<p style=\"text-align: center;\">G\u00d6NDER\u0130M: Ma\u011fazam\u0131zdan alm\u0131\u015f oldu\u011funuz \u00fcr\u00fcnler ayn\u0131 g\u00fcn kargoya teslim edilir.<\/p>\n<p>&nbsp;<\/p>\n","protected":false},"excerpt":{"rendered":"<p>The Ordinary.<\/p>\n","protected":false},"featured_media":943,"comment_status":"open","ping_status":"closed","template":"","meta":[],"product_cat":[223,224,225,208],"product_tag":[521,226],"class_list":{"0":"post-939","1":"product","2":"type-product","3":"status-publish","4":"has-post-thumbnail","6":"product_cat-cilt-bakim","7":"product_cat-cilt-serumu","8":"product_cat-kozmetik-saglik","9":"product_cat-tum-urunler","10":"product_tag-100-plant-derived-squalane","11":"product_tag-the-ordinary","13":"first","14":"outofstock","15":"sale","16":"taxable","17":"shipping-taxable","18":"purchasable","19":"product-type-simple","20":"col-xs-6 col-sm-4","21":"col-md-3 col-lg-3","22":"un-4-cols"},"_links":{"self":[{"href":"https:\/\/loresimall.com\/index.php\/wp-json\/wp\/v2\/product\/939","targetHints":{"allow":["GET"]}}],"collection":[{"href":"https:\/\/loresimall.com\/index.php\/wp-json\/wp\/v2\/product"}],"about":[{"href":"https:\/\/loresimall.com\/index.php\/wp-json\/wp\/v2\/types\/product"}],"replies":[{"embeddable":true,"href":"https:\/\/loresimall.com\/index.php\/wp-json\/wp\/v2\/comments?post=939"}],"wp:featuredmedia":[{"embeddable":true,"href":"https:\/\/loresimall.com\/index.php\/wp-json\/wp\/v2\/media\/943"}],"wp:attachment":[{"href":"https:\/\/loresimall.com\/index.php\/wp-json\/wp\/v2\/media?parent=939"}],"wp:term":[{"taxonomy":"product_cat","embeddable":true,"href":"https:\/\/loresimall.com\/index.php\/wp-json\/wp\/v2\/product_cat?post=939"},{"taxonomy":"product_tag","embeddable":true,"href":"https:\/\/loresimall.com\/index.php\/wp-json\/wp\/v2\/product_tag?post=939"}],"curies":[{"name":"wp","href":"https:\/\/api.w.org\/{rel}","templated":true}]}}