{"id":931,"date":"2021-09-28T21:52:46","date_gmt":"2021-09-28T21:52:46","guid":{"rendered":"https:\/\/loresimall.com\/?post_type=product&#038;p=931"},"modified":"2025-02-18T12:26:44","modified_gmt":"2025-02-18T12:26:44","slug":"buffet-anti-aging-serum-30-ml","status":"publish","type":"product","link":"https:\/\/loresimall.com\/index.php\/product\/buffet-anti-aging-serum-30-ml\/","title":{"rendered":"Buffet Anti-Aging Serum 30 ml"},"content":{"rendered":"<p style=\"text-align: center;\"><img fetchpriority=\"high\" decoding=\"async\" class=\"alignnone wp-image-932 size-thumbnail\" src=\"https:\/\/loresimall.com\/wp-content\/uploads\/2021\/09\/buffet-1-1-280x280.jpg\" alt=\"\" width=\"280\" height=\"280\" \/><\/p>\n<p style=\"text-align: center;\">The Ordinary Buffet \u00fcst\u00fcn teknoloji Peptid Serum 30 ml<\/p>\n<p style=\"text-align: center;\">bu form\u00fcl ayn\u0131 anda birden fazla ya\u015flanma belirtisini hedef alan kapsaml\u0131 bir \u00e7al\u0131\u015f\u0131lm\u0131\u015f teknoloji dizisini birle\u015ftiriyorambalaj\u0131 a\u00e7\u0131lan \u00fcr\u00fcnlerin iadesi kabul edilmemektedir<\/p>\n","protected":false},"excerpt":{"rendered":"<p>The Ordinary.<\/p>\n","protected":false},"featured_media":941,"comment_status":"open","ping_status":"closed","template":"","meta":[],"product_cat":[223,224,225,208],"product_tag":[518,519,226],"class_list":{"0":"post-931","1":"product","2":"type-product","3":"status-publish","4":"has-post-thumbnail","6":"product_cat-cilt-bakim","7":"product_cat-cilt-serumu","8":"product_cat-kozmetik-saglik","9":"product_cat-tum-urunler","10":"product_tag-buffet","11":"product_tag-buffet-serum-30ml","12":"product_tag-the-ordinary","14":"first","15":"outofstock","16":"sale","17":"featured","18":"taxable","19":"shipping-taxable","20":"purchasable","21":"product-type-simple","22":"col-xs-6 col-sm-4","23":"col-md-3 col-lg-3","24":"un-4-cols"},"_links":{"self":[{"href":"https:\/\/loresimall.com\/index.php\/wp-json\/wp\/v2\/product\/931","targetHints":{"allow":["GET"]}}],"collection":[{"href":"https:\/\/loresimall.com\/index.php\/wp-json\/wp\/v2\/product"}],"about":[{"href":"https:\/\/loresimall.com\/index.php\/wp-json\/wp\/v2\/types\/product"}],"replies":[{"embeddable":true,"href":"https:\/\/loresimall.com\/index.php\/wp-json\/wp\/v2\/comments?post=931"}],"wp:featuredmedia":[{"embeddable":true,"href":"https:\/\/loresimall.com\/index.php\/wp-json\/wp\/v2\/media\/941"}],"wp:attachment":[{"href":"https:\/\/loresimall.com\/index.php\/wp-json\/wp\/v2\/media?parent=931"}],"wp:term":[{"taxonomy":"product_cat","embeddable":true,"href":"https:\/\/loresimall.com\/index.php\/wp-json\/wp\/v2\/product_cat?post=931"},{"taxonomy":"product_tag","embeddable":true,"href":"https:\/\/loresimall.com\/index.php\/wp-json\/wp\/v2\/product_tag?post=931"}],"curies":[{"name":"wp","href":"https:\/\/api.w.org\/{rel}","templated":true}]}}