{"id":369,"date":"2021-07-06T13:06:06","date_gmt":"2021-07-06T13:06:06","guid":{"rendered":"https:\/\/loresimall.com\/?post_type=product&#038;p=369"},"modified":"2025-02-18T12:28:00","modified_gmt":"2025-02-18T12:28:00","slug":"lrsm-pop-limon-topu-aroma-mentol-topu-200-adet","status":"publish","type":"product","link":"https:\/\/loresimall.com\/index.php\/product\/lrsm-pop-limon-topu-aroma-mentol-topu-200-adet\/","title":{"rendered":"LRSM Pop Limon Topu Aroma Mentol Topu 200 Adet"},"content":{"rendered":"<p>Kal\u0131c\u0131l\u0131k: Patlatt\u0131kd\u0131ktan sonra 4-6 saat.<\/p>\n<p>&nbsp;<\/p>\n<p>Kutu adet i\u00e7eri\u011fi: 200 adet E\u015fyalar\u0131n\u0131zda veya elinizde kalan k\u00f6t\u00fc kokular\u0131 gidermek art\u0131k hi\u00e7te sorun de\u011fil, t\u00fcm e\u015fyalar\u0131n\u0131z\u0131 veya elinizi Aroma Topu ile g\u00fczel bir kokuya kavu\u015fturabilirsiniz. Tek yapman\u0131z gereken kokuyu a\u00e7\u0131\u011fa \u00e7\u0131kartmak.<\/p>\n<p>&nbsp;<\/p>\n<p>Paket \u0130\u00e7eri\u011fi;<\/p>\n<p>&nbsp;<\/p>\n<p>200 Adet Aroma Topu<\/p>\n<p>1 adet uygulama aparat\u0131<\/p>\n","protected":false},"excerpt":{"rendered":"<p>LRSM<\/p>\n","protected":false},"featured_media":384,"comment_status":"closed","ping_status":"closed","template":"","meta":[],"product_cat":[345,337,342,208],"product_tag":[334,336,204,338,339,340,341,343],"class_list":{"0":"post-369","1":"product","2":"type-product","3":"status-publish","4":"has-post-thumbnail","6":"product_cat-aroma-200lu-paket","7":"product_cat-market","8":"product_cat-saglik","9":"product_cat-tum-urunler","10":"product_tag-aroma","11":"product_tag-aroma-topu","12":"product_tag-lrsm","13":"product_tag-mentol","14":"product_tag-mentol-aromasi","15":"product_tag-mentol-topu","16":"product_tag-mentollu-sigara","17":"product_tag-sigara-aromasi","19":"first","20":"outofstock","21":"sale","22":"purchasable","23":"product-type-simple","24":"col-xs-6 col-sm-4","25":"col-md-3 col-lg-3","26":"un-4-cols"},"_links":{"self":[{"href":"https:\/\/loresimall.com\/index.php\/wp-json\/wp\/v2\/product\/369","targetHints":{"allow":["GET"]}}],"collection":[{"href":"https:\/\/loresimall.com\/index.php\/wp-json\/wp\/v2\/product"}],"about":[{"href":"https:\/\/loresimall.com\/index.php\/wp-json\/wp\/v2\/types\/product"}],"replies":[{"embeddable":true,"href":"https:\/\/loresimall.com\/index.php\/wp-json\/wp\/v2\/comments?post=369"}],"wp:featuredmedia":[{"embeddable":true,"href":"https:\/\/loresimall.com\/index.php\/wp-json\/wp\/v2\/media\/384"}],"wp:attachment":[{"href":"https:\/\/loresimall.com\/index.php\/wp-json\/wp\/v2\/media?parent=369"}],"wp:term":[{"taxonomy":"product_cat","embeddable":true,"href":"https:\/\/loresimall.com\/index.php\/wp-json\/wp\/v2\/product_cat?post=369"},{"taxonomy":"product_tag","embeddable":true,"href":"https:\/\/loresimall.com\/index.php\/wp-json\/wp\/v2\/product_tag?post=369"}],"curies":[{"name":"wp","href":"https:\/\/api.w.org\/{rel}","templated":true}]}}