{"id":3560,"date":"2021-07-06T13:06:51","date_gmt":"2021-07-06T13:06:51","guid":{"rendered":"https:\/\/loresimall.com\/?post_type=product&#038;p=464"},"modified":"2025-02-18T12:26:57","modified_gmt":"2025-02-18T12:26:57","slug":"homm-life-cay-agaci-adacayi-yagli-krem-75-ml","status":"publish","type":"product","link":"https:\/\/loresimall.com\/index.php\/product\/homm-life-cay-agaci-adacayi-yagli-krem-75-ml\/","title":{"rendered":"Homm Life \u00c7ay A\u011fac\u0131 Ada\u00e7ay\u0131 Ya\u011fl\u0131 Krem 75 Ml"},"content":{"rendered":"<p>Homm Bitkisel<\/p>\n","protected":false},"excerpt":{"rendered":"<p>Homm Bitkisel<\/p>\n","protected":false},"featured_media":494,"comment_status":"closed","ping_status":"closed","template":"","meta":[],"product_cat":[351,208],"product_tag":[352,390],"class_list":{"0":"post-3560","1":"product","2":"type-product","3":"status-publish","4":"has-post-thumbnail","6":"product_cat-homm-bitkisel","7":"product_cat-tum-urunler","8":"product_tag-homm-bitkisel","9":"product_tag-homm-life-cay-agaci-adacayi-yagli-krem-75-ml","11":"first","12":"outofstock","13":"sale","14":"purchasable","15":"product-type-simple","16":"col-xs-6 col-sm-4","17":"col-md-3 col-lg-3","18":"un-4-cols"},"_links":{"self":[{"href":"https:\/\/loresimall.com\/index.php\/wp-json\/wp\/v2\/product\/3560","targetHints":{"allow":["GET"]}}],"collection":[{"href":"https:\/\/loresimall.com\/index.php\/wp-json\/wp\/v2\/product"}],"about":[{"href":"https:\/\/loresimall.com\/index.php\/wp-json\/wp\/v2\/types\/product"}],"replies":[{"embeddable":true,"href":"https:\/\/loresimall.com\/index.php\/wp-json\/wp\/v2\/comments?post=3560"}],"wp:featuredmedia":[{"embeddable":true,"href":"https:\/\/loresimall.com\/index.php\/wp-json\/wp\/v2\/media\/494"}],"wp:attachment":[{"href":"https:\/\/loresimall.com\/index.php\/wp-json\/wp\/v2\/media?parent=3560"}],"wp:term":[{"taxonomy":"product_cat","embeddable":true,"href":"https:\/\/loresimall.com\/index.php\/wp-json\/wp\/v2\/product_cat?post=3560"},{"taxonomy":"product_tag","embeddable":true,"href":"https:\/\/loresimall.com\/index.php\/wp-json\/wp\/v2\/product_tag?post=3560"}],"curies":[{"name":"wp","href":"https:\/\/api.w.org\/{rel}","templated":true}]}}