{"id":271,"date":"2021-07-06T13:04:07","date_gmt":"2021-07-06T13:04:07","guid":{"rendered":"https:\/\/loresimall.com\/?post_type=product&#038;p=271"},"modified":"2025-02-18T12:28:02","modified_gmt":"2025-02-18T12:28:02","slug":"go-2-tasinabilir-bluetooth-hoparlor-yesil","status":"publish","type":"product","link":"https:\/\/loresimall.com\/index.php\/product\/go-2-tasinabilir-bluetooth-hoparlor-yesil\/","title":{"rendered":"Go 2 Ta\u015f\u0131nabilir Bluetooth Hoparl\u00f6r &#8211; Ye\u015fil"},"content":{"rendered":"<p>JBL Go 2 IPX7 Su Ge\u00e7irmez Ta\u015f\u0131nabilir Bluetooth Hoparl\u00f6r Ye\u015fil<\/p>\n<p>Yeni nesil teknolojiler ile donat\u0131lan JBL Go 2 IPX7 su ge\u00e7irmez ta\u015f\u0131nabilir Bluetooth hoparl\u00f6r, benzersiz bir m\u00fczik ak\u0131\u015f\u0131 ger\u00e7ekle\u015ftirir ve g\u00fc\u00e7l\u00fc baslar\u0131n ritmini daha yo\u011fun hissetmenize yard\u0131mc\u0131 olur. JBL Go 2 IPX7 ta\u015f\u0131nabilir hoparl\u00f6r ile kullan\u0131c\u0131n\u0131n en sevdi\u011fi m\u00fczikler, diledi\u011fi her an dinlemek i\u00e7in haz\u0131r hale gelir. Modern ve \u015f\u0131k tasar\u0131m\u0131 sayesinde de mutfa\u011f\u0131n\u0131z\u0131, oturma odan\u0131z\u0131 veya yatak odan\u0131z\u0131 kaliteli bir m\u00fczik ziyafetiyle zenginle\u015ftirir.<\/p>\n<p><b>Geli\u015fmi\u015f Ses Teknolojisi<\/b><\/p>\n<ul>\n<li>JBL Go 2 IPX7 ta\u015f\u0131nabilir Bluetooth hoparl\u00f6r, su ge\u00e7irmezlik \u00f6zelli\u011fi ile olduk\u00e7a dikkat \u00e7eker. Cihaz, 1 metre derinli\u011findeki suya 30 dakika s\u00fcresince tamamen bat\u0131r\u0131ld\u0131\u011f\u0131nda dahi su ge\u00e7irmezlik \u00f6zelli\u011fine sahiptir. Suya dayan\u0131kl\u0131l\u0131k sa\u011flayan teknolojisi sayesinde de sahil kenarlar\u0131na, plaja, denize ya da havuza rahatl\u0131kla g\u00f6t\u00fcr\u00fclebilir.<\/li>\n<li>Bluetooth \u00fczerinden kablosuz olarak m\u00fczik ak\u0131\u015f\u0131 sa\u011flayan JBL Go 2 IPX7 su ge\u00e7irmez ve ta\u015f\u0131nabilir hoparl\u00f6r, 5 saate kadar kesintisiz m\u00fczik \u00e7alma kapasitesine sahiptir.<\/li>\n<li>JBL Go2 IPX7 su ge\u00e7irmez ta\u015f\u0131nabilir Bluetooth hoparl\u00f6r, d\u00e2hili g\u00fcr\u00fclt\u00fc \u00f6nleyici hoparl\u00f6r\u00fc ile kristal netli\u011finde telefon g\u00f6r\u00fc\u015fmesi deneyimi sunarken ayn\u0131 zamanda zengin ve net ses \u00e7\u0131k\u0131\u015f\u0131 ile de kusursuz bir performans sergiler.<\/li>\n<li>Yank\u0131 ve g\u00fcr\u00fclt\u00fc \u00f6nleyici teknolojiye sahip olan JBL Go2 IPX7 su ge\u00e7irmez ta\u015f\u0131nabilir Bluetooth hoparl\u00f6r, kristal netli\u011finde aramalar yapabilmenizi sa\u011flar. Ak\u0131ll\u0131 telefonunuzu Bluetooth \u00fczerinden cihaza ba\u011flayarak, olduk\u00e7a net g\u00f6r\u00fc\u015fmeler yapabilme imkan\u0131 tan\u0131r.<\/li>\n<li>JBL GO 2, Bluetooth 4.1 ile birlikte gelir. Bluetooth ba\u011flant\u0131 teknolojisine sahip olan cihaz; herhangi bir ak\u0131ll\u0131 telefon, diz\u00fcst\u00fc bilgisayar ya da tabletten hareket halindeyken bile kablosuz olarak m\u00fczik yay\u0131n\u0131 yapabilir. JBL Go 2 IPX7 su ge\u00e7irmez ta\u015f\u0131nabilir Bluetooth hoparl\u00f6r, kablolu ba\u011flant\u0131 se\u00e7ene\u011fini de beraberinde getirir. B\u00f6ylece eski MP3&#8217;lerden ve Bluetooth&#8217;u desteklemeyen cihazlardan m\u00fczik \u00e7alabilmenize yard\u0131mc\u0131 olur. Bluetooth kullanamad\u0131\u011f\u0131n\u0131zda bile ses kablosunu hoparl\u00f6re takarak, m\u00fczik dinleme keyfi sunar.<\/li>\n<li>JBL Go 2 IPX7 su ge\u00e7irmez ta\u015f\u0131nabilir Bluetooth hoparl\u00f6r, e\u015fsiz tasar\u0131m\u0131 ile kullan\u0131m kolayl\u0131\u011f\u0131 sunar. Modelin \u00fcst k\u0131sm\u0131nda ses kontrolleri yapan duraklatma \/ oynatma d\u00fc\u011fmesi ve hoparl\u00f6r\u00fc telefonunuza ya da ba\u015fka bir Bluetooth \u00f6zellikli cihaza ba\u011flamak i\u00e7in \u00f6zel bir Bluetooth d\u00fc\u011fmesi yer al\u0131r. Kullan\u0131c\u0131 dostu cihaz, bir hoparl\u00f6re g\u00f6re olduk\u00e7a y\u00fcksek kalitede fonksiyonellik ve performans g\u00f6sterir.<\/li>\n<\/ul>\n<p><b>Teknik \u00d6zellikler<\/b><\/p>\n<ul>\n<li>\u00dcr\u00fcn\u00fcn Boyutu: 71.2 mm x 86 mm x 31.6 mm<\/li>\n<li>A\u011f\u0131rl\u0131k: 184 g<\/li>\n<li>Pil \u015earj S\u00fcresi: 2.5 saat<\/li>\n<li>Ses \u00c7\u0131k\u0131\u015f G\u00fcc\u00fc: 3.0 W<\/li>\n<li>Ba\u011flant\u0131 Noktalar\u0131: Bluetooth<\/li>\n<\/ul>\n<p><b>Yeni Nesil Marka: JBL<\/b><\/p>\n<p>ABD\u2019li Harman International Industries \u015firketinin bir markas\u0131 olan ve James Bullough Lansing taraf\u0131ndan kurulan Almanya merkezli JBL firmas\u0131, sekt\u00f6r\u00fcn \u00f6nde gelen m\u00fczik sistemi markalar\u0131ndan biridir. Ev sinema sistemleri, iPod\u2019lar i\u00e7in pratik ses sistemleri ve arabalar i\u00e7erisinde ses donan\u0131mlar\u0131 gibi geni\u015f bir \u00fcr\u00fcn yelpazesine sahiptir. Fonksiyonelli\u011fi ve \u00f6zg\u00fcn tasar\u0131m\u0131 bir araya getirdi\u011fi teknoloji \u00fcr\u00fcnleri ile dikkat \u00e7eken JBL markas\u0131, m\u00fczikseverlerin ilk tercihi olur.<\/p>\n<p><b>Kutu \u0130\u00e7eri\u011fi<\/b><\/p>\n<p>JBL Go 2 IPX7 su ge\u00e7irmez ta\u015f\u0131nabilir Bluetooth hoparl\u00f6r kullan\u0131c\u0131ya sunulurken kutunun i\u00e7erisinde; mikro USB kablosu, 730 mAh d\u00e2hili pil, g\u00fc\u00e7 adapt\u00f6r\u00fc, kullan\u0131m k\u0131lavuzu ve belgeler \u00e7\u0131kar.<\/p>\n<p><b>Benzersiz M\u00fczik Deneyimi<\/b><\/p>\n<p>JBL Go 2 IPX7 su ge\u00e7irmez ta\u015f\u0131nabilir Bluetooth hoparl\u00f6r, ergonomik tasar\u0131m\u0131 ile t\u00fcketicilerden b\u00fcy\u00fck bir be\u011feni toplar. Her yere kolayl\u0131kla ta\u015f\u0131nabilmesini sa\u011flayan portatif \u00f6l\u00e7\u00fcleri, kolay tutulabilmesi i\u00e7in tasarlanan yuvarlak k\u00f6\u015feleri ve her zevke g\u00f6re sunulan farkl\u0131 renk se\u00e7enekleri ile g\u00f6z doldurur. M\u00fczik tutkunlar\u0131n\u0131n tercihi olan JBL Go 2 IPX7 ta\u015f\u0131nabilir Bluetooth hoparl\u00f6r, su ge\u00e7irmezlik \u00f6zelli\u011fi ile de dayan\u0131kl\u0131 ve uzun s\u00fcreli bir kullan\u0131m imkan\u0131 tan\u0131r.<\/p>\n<p>&nbsp;<\/p>\n<div class=\"container contain-lg-5 contain-md-4 contain-sm-5\">\n<div class=\"row\">\n<div class=\"col lg-5 md-5 sm-5\"><img decoding=\"async\" src=\"https:\/\/images.hepsiburada.net\/assets\/EE\/ProductDesc\/jblgos.jpg\" \/><\/div>\n<\/div>\n<p><strong>JBL Go 2 Ta\u015f\u0131nabilir Bluetooth Hoparl\u00f6r\u00a0<\/strong><\/p>\n<p>&nbsp;<\/p>\n<div class=\"desc-video\" data-video=\"https:\/\/images.hepsiburada.net\/assets\/videos\/ProductVideos\/JBL-GO-1.mp4\">\n<div class=\"trigger-video\">\n\n<\/div>\n<\/div>\n<p>&nbsp;<\/p>\n<p>JBL Go 2 Ta\u015f\u0131nabilir Bluetooth Hoparl\u00f6r, her yerde yan\u0131n\u0131zda g\u00f6t\u00fcrebilece\u011finiz su ge\u00e7irmez bir bluetooth hoparl\u00f6r\u00fcd\u00fcr. 5 saate kadar kesintisiz JBL ses kalitesi sa\u011flar. Yeni IPX7 su ge\u00e7irmez tasar\u0131m\u0131yla, hoparl\u00f6r\u00fcn\u00fczle havuz kenar\u0131na ya da sahile getirme f\u0131rsat\u0131 veriyor. JBL Go 2 Ta\u015f\u0131nabilir Bluetooth Hoparl\u00f6r, dahili g\u00fcr\u00fclt\u00fc \u00f6nleyici mikrofonu ile kristal netli\u011finde telefon g\u00f6r\u00fc\u015fmesi yapman\u0131za imkan sunuyor.<\/p>\n<p>&nbsp;<\/p>\n<p><strong>\u00d6zellikler<\/strong><\/p>\n\n<div class=\"desc-video\" data-video=\"https:\/\/images.hepsiburada.net\/assets\/videos\/ProductVideos\/JBL-GO-2.mp4\">\n<div class=\"trigger-video\"><\/div>\n<\/div>\n<p>&nbsp;<\/p>\n<ul>\n<li>Y\u00fcksek ses kalitesi<\/li>\n<li>Dayan\u0131kl\u0131 malzeme<\/li>\n<li>IPX7 su ge\u00e7irmez tasar\u0131m<\/li>\n<li>Telefon g\u00f6r\u00fc\u015fmesi i\u00e7in dahili mikrofon<\/li>\n<li>5 saate kadar \u00e7alma s\u00fcresi<\/li>\n<li>Ses G\u00fcc\u00fc : 3.1W RMS<\/li>\n<li>Frekans Hassasiyeti : 180Hz \u2013 20kHz<\/li>\n<li>S\u00fcr\u00fcc\u00fc Boyutu : 1 x 40mm<\/li>\n<li>S\u00fcr\u00fcc\u00fc Hassasiyeti : &gt;80dB<\/li>\n<li>A\u011f\u0131rl\u0131k : 184g<\/li>\n<li>Boyutlar : 71.2mm x 86mm x 31.6mm<\/li>\n<\/ul>\n<p><b>JBL Go2 IPX7 Su Ge\u00e7irmez Ta\u015f\u0131nabilir Bluetooth Hoparl\u00f6r<\/b><\/p>\n<p>Samsung Electronics Group&#8217;un i\u015ftiraki olan \u00fcnl\u00fc Harman International&#8217;\u0131n bir s\u00fcredir beklenen JBL Go2 IPX7 su ge\u00e7irmez ta\u015f\u0131nabilir Bluetooth hoparl\u00f6r modelleri merakl\u0131lar\u0131 ile bulu\u015fmaktad\u0131r. D\u00fcnya devi markan\u0131n 2015 y\u0131l\u0131nda piyasaya s\u00fcrd\u00fc\u011f\u00fc pop\u00fcler JBL GO&#8217;nun ikinci nesil ard\u0131l\u0131 olan JBL Go2 IPX7 su ge\u00e7irmez ta\u015f\u0131nabilir Bluetooth hoparl\u00f6r, 12 ayr\u0131 renk se\u00e7ene\u011fiyle yenilik\u00e7i teknoloji tutkunlar\u0131n\u0131n tercihi olmaktad\u0131r. IPX7 tasar\u0131ma sahip JBL Go2 IPX7 su ge\u00e7irmez ta\u015f\u0131nabilir Bluetooth hoparl\u00f6r\u00fcn farkl\u0131 renk se\u00e7enekleri blok formundaki tasar\u0131m\u0131na ho\u015f bir yorum katmaktad\u0131r. JBL Signature Sound ile \u00fcr\u00fcn, kullan\u0131m\u0131 kolay bir m\u00fczik deneyimi arayan t\u00fcketiciler i\u00e7in tatmin edici bir hoparl\u00f6rd\u00fcr. JBL GO 2, \u00f6nceki modelde oldu\u011fu gibi kutu bi\u00e7iminde tasar\u0131ma ve yuvarlat\u0131lm\u0131\u015f kenarlara sahiptir. JBL GO 2, selefi ile benzer teknik \u00f6zellikleri ta\u015f\u0131makla birlikte 180Hz-20kHz frekans aral\u0131\u011f\u0131 ve 3.0 Watt mono hoparl\u00f6r\u00fc ile \u00f6ne \u00e7\u0131kar.<\/p>\n<p><b>P\u00fcr\u00fczs\u00fcz Netlikte Ses Kalitesi, Su Ge\u00e7irmez G\u00fc\u00e7l\u00fc Donan\u0131m, Pratik Kullan\u0131m<\/b><\/p>\n<p>\u2022 JBL Go2 IPX7 su ge\u00e7irmez ta\u015f\u0131nabilir Bluetooth hoparl\u00f6r; kolay ta\u015f\u0131nabilir olma, kompakt yap\u0131, avu\u00e7 i\u00e7ine s\u0131\u011fma, parlak renkler ta\u015f\u0131ma, su ge\u00e7irmez olma, daha zengin ve daha net ses \u00e7\u0131k\u0131\u015f\u0131na sahip olma avantajlar\u0131ndan \u00f6t\u00fcr\u00fc m\u00fczikseverlerin ilgisini ve be\u011fenisini kazanm\u0131\u015ft\u0131r. \u00dcr\u00fcn\u00fcn \u00f6nceki versiyonu olan JBL GO, m\u00fczikseverler aras\u0131nda o d\u00f6nem h\u0131zla yayg\u0131nla\u015fm\u0131\u015ft\u0131r. Ta\u015f\u0131nabilirli\u011fi ve ses kalitesi hareket halindeki t\u00fcm m\u00fczikseverler i\u00e7in idealdir. JBL Go2 IPX7 su ge\u00e7irmez ta\u015f\u0131nabilir Bluetooth hoparl\u00f6r \u00f6zellikleri, selefine tutkuyla ba\u011flananlar\u0131n ilgisini \u00e7ekmekte gecikmemi\u015ftir.<\/p>\n<p>\u2022 Son derece pratik, kaliteli ve kolay ta\u015f\u0131nabilen bu \u00f6zel model, sadece 184 gram a\u011f\u0131rl\u0131\u011f\u0131ndad\u0131r ve k\u00f6\u015feleri yuvarlakt\u0131r. Bu \u00f6zelli\u011fi onu ta\u015f\u0131may\u0131 ve tutmay\u0131 kolayla\u015ft\u0131r\u0131r. Firma, JBL Go2&#8217;nin su ge\u00e7irmezlik avantaj\u0131na vurgu yaparken olduk\u00e7a iddial\u0131d\u0131r. 1 metre derinli\u011findeki suya 30 dakika s\u00fcresince tamamen bat\u0131r\u0131ld\u0131\u011f\u0131nda dahi su ge\u00e7irmezlik vadetmektedir.<\/p>\n<p>\u2022 Eve, i\u015fe, pikni\u011fe, tatile, arkada\u015f ziyaretine, k\u0131sacas\u0131 her yere g\u00f6t\u00fcrebilece\u011finiz bu kaliteli ve zevkli tasar\u0131ma sahip hoparl\u00f6r, 5 saate kadar kesintisiz JBL ses kalitesi i\u00e7in Bluetooth \u00fczerinden kablosuz olarak m\u00fczik ak\u0131\u015f\u0131 sa\u011flar. IPX7 \u00f6zelli\u011fi ile dikkat \u00e7eken yeni nesil JBL Go2, m\u00fczikseverlere hoparl\u00f6rlerini havuz kenar\u0131na ya da sahile ta\u015f\u0131ma f\u0131rsat\u0131 tan\u0131r. JBL Go2 IPX7 su ge\u00e7irmez ta\u015f\u0131nabilir Bluetooth hoparl\u00f6r, d\u00e2hili g\u00fcr\u00fclt\u00fc \u00f6nleyici hoparl\u00f6r\u00fc ile kristal netli\u011finde telefon g\u00f6r\u00fc\u015fmesi deneyimi sunarken ayn\u0131 zamanda \u00f6nceki versiyona g\u00f6re daha zengin ve net ses \u00e7\u0131k\u0131\u015f\u0131yla adeta b\u00fcy\u00fcleyicidir. Ultra kolay ta\u015f\u0131nabilirlik i\u00e7in geli\u015ftirilmi\u015f \u00fcr\u00fcn, 71,2 x 86,0 x 31,6 mm boyutlar\u0131ndad\u0131r.<\/p>\n<p>\u2022 JBL Go2 IPX7 su ge\u00e7irmez ta\u015f\u0131nabilir Bluetooth hoparl\u00f6r fiyatlar\u0131, kalite ve i\u015flevsellik bak\u0131m\u0131ndan e\u015fit olup \u00fcst s\u0131n\u0131fta yer alan \u00fcr\u00fcnlere k\u0131yasla uygun seviyelerdedir. Uygun fiyatl\u0131 ve kaliteli bir ta\u015f\u0131nabilir hoparl\u00f6r aray\u0131\u015f\u0131nda olanlar i\u00e7in harika bir se\u00e7enek olan JBL Go2 IPX7 su ge\u00e7irmez ta\u015f\u0131nabilir Bluetooth hoparl\u00f6r\u00fc sat\u0131n alarak kesintisiz m\u00fczi\u011fin ve e\u011flencenin tad\u0131n\u0131 \u00e7\u0131karabilirsiniz.<\/p>\n<p><b>\u00d6ne \u00c7\u0131kan Teknik \u00d6zellikler<\/b><\/p>\n<p>\u2022 Bluetooth s\u00fcr\u00fcm\u00fc: 4.1<\/p>\n<p>\u2022 IPX7 \u00f6zelli\u011fi (su ge\u00e7irmezlik)<\/p>\n<p>\u2022 Pil tipi Lityum-iyon polimer: (3.7V, 730mAh),<\/p>\n<p>\u2022 Sinyal-g\u00fcr\u00fclt\u00fc oran\u0131: \u226580dB<\/p>\n<p>\u2022 \u00c7\u0131k\u0131\u015f g\u00fcc\u00fc: 3.0W<\/p>\n<p>\u2022 Frekans yan\u0131t\u0131: 180Hz &#8211; 20kHz<\/p>\n<p>\u2022 Boyutlar: 71,2 x 86,0 x 31,6 (mm)<\/p>\n<p>\u2022 A\u011f\u0131rl\u0131k: 184 g<\/p>\n<p>\u2022 Pil \u015farj s\u00fcresi: 2.5 saat<\/p>\n<p>\u2022 M\u00fczik \u00e7alma s\u00fcresi: 5 saat (ses seviyesine ve ses i\u00e7eri\u011fine g\u00f6re de\u011fi\u015fir)<\/p>\n<p>IPX7 tasar\u0131ma sahip JBL Go2 IPX7 su ge\u00e7irmez ta\u015f\u0131nabilir Bluetooth hoparl\u00f6r, tamamen yenilenmi\u015f bir tasar\u0131ma ve daha zengin, daha net bir ses kalitesine sahip olup t\u00fcm bu \u00fcst\u00fcnl\u00fcklerine ek olarak uygun fiyatl\u0131 olma avantaj\u0131 sunar. Yeni nesil Go2 hoparl\u00f6r daha y\u00fcksek ses \u00e7\u0131k\u0131\u015f\u0131yla dikkat \u00e7ekmektedir. Ak\u0131ll\u0131 telefonunuzdan veya tabletinizden y\u00fcksek kaliteli ses yay\u0131nlaman\u0131z\u0131, g\u00fcr\u00fclt\u00fcs\u00fcz ve kristal netli\u011findeki konferans g\u00f6r\u00fc\u015fmelerinin keyfini \u00e7\u0131karman\u0131z\u0131 sa\u011flar.<\/p>\n<p>JBL Go2 IPX7 su ge\u00e7irmez ta\u015f\u0131nabilir Bluetooth hoparl\u00f6r, yank\u0131 ve g\u00fcr\u00fclt\u00fc \u00f6nleyici teknolojiye sahiptir. Ak\u0131ll\u0131 telefonunuzu Bluetooth \u00fczerinden cihaza ba\u011flayarak olduk\u00e7a net g\u00f6r\u00fc\u015fmeler yapabilirsiniz. Bluetooth ba\u011flant\u0131 teknolojisine sahip olan \u00fcr\u00fcn, herhangi bir ak\u0131ll\u0131 telefon veya tabletten kablosuz olarak m\u00fczik yay\u0131n\u0131 yapabilir. Yank\u0131 ve g\u00fcr\u00fclt\u00fc \u00f6nleyici hoparl\u00f6r\u00fc, kristal netli\u011finde aramalara olanak tan\u0131r.<\/p>\n<p>JBL GO 2, Bluetooth 4.1 ile birlikte gelir. Bu, cihaz\u0131 kablosuz olarak bir ak\u0131ll\u0131 telefona, tablete veya hatta bir diz\u00fcst\u00fc bilgisayara hareket halinde ba\u011flayabilece\u011finiz anlam\u0131na gelir. Ayr\u0131ca kablolu ba\u011flant\u0131 opsiyonu da sunar. B\u00f6ylece eski MP3&#8217;lerden ve Bluetooth&#8217;u desteklemeyen cihazlardan m\u00fczik \u00e7alabilirsiniz. Bluetooth kullanamad\u0131\u011f\u0131n\u0131zda bile ses kablosunu hoparl\u00f6re takarak m\u00fczik keyfini \u00e7\u0131karmaya devam edebilirsiniz.<\/p>\n<p>Hoparl\u00f6r\u00fcn \u00fcst k\u0131sm\u0131nda ses kontrolleri, bir duraklatma \/ oynatma d\u00fc\u011fmesi ve hoparl\u00f6r\u00fc telefonunuza veya ba\u015fka bir Bluetooth \u00f6zellikli cihaza e\u015fle\u015ftirmek i\u00e7in \u00f6zel bir Bluetooth d\u00fc\u011fmesi bulunur. Bir hoparl\u00f6r i\u00e7in olduk\u00e7a iyi bir performans sergiler.<\/p>\n<p>JBL Go2 IPX7 su ge\u00e7irmez ta\u015f\u0131nabilir Bluetooth hoparl\u00f6r\u00fcn en dikkat \u00e7ekici \u00f6zelliklerinden biri de su ge\u00e7irmez olmas\u0131d\u0131r. IPX7 derecesi sayesinde hoparl\u00f6r\u00fcn\u00fcz\u00fc du\u015fa, ya\u011fmurlu alanlara ve hatta havuz kenar\u0131na ta\u015f\u0131yabilirsiniz. Ancak yine de y\u00fczme havuzunda uzun s\u00fcre kalmas\u0131 \u00f6nerilmez. JBL Go2 IPX7 su ge\u00e7irmez ta\u015f\u0131nabilir Bluetooth hoparl\u00f6r ile sahil ve havuz kenar\u0131nda m\u00fczik keyfini doyas\u0131ya ya\u015fars\u0131n\u0131z.<\/p>\n<p><b>\u00dcr\u00fcn\u00fcn Kutu \u0130\u00e7eri\u011fi<\/b><\/p>\n<p>Paket i\u00e7eri\u011finde yer alan mikro USB kablosu kullan\u0131larak 730mAh dahili pil pratik \u015fekilde \u015farj edilir. \u00dcr\u00fcn\u00fcn \u015farj s\u00fcresi yakla\u015f\u0131k 2,5 saat olup tam \u015farjla 5 saat kesintisiz m\u00fczik dinleme ayr\u0131cal\u0131\u011f\u0131 sunar.<\/p>\n<p><b>Devlerin Bulu\u015fmas\u0131: Harman &amp; Samsung Electronics\u2019in G\u00fc\u00e7 Birli\u011fi<\/b><\/p>\n<p>Harman, kalite ve m\u00fczik tutkusundan \u00f6d\u00fcn vermeyen yenilik\u00e7i t\u00fcketiciler i\u00e7in tasarlad\u0131\u011f\u0131 s\u0131ra d\u0131\u015f\u0131 ve \u015f\u0131k \u00fcr\u00fcnleri ile k\u0131sa zamanda d\u00fcnya \u00e7ap\u0131nda ba\u015far\u0131l\u0131 bir sat\u0131\u015f grafi\u011fi yakalam\u0131\u015ft\u0131r. D\u00fcnya \u00e7ap\u0131nda 50 milyondan fazla otomobil kullan\u0131c\u0131s\u0131, ses ve ba\u011fl\u0131 ara\u00e7 sistemleri donan\u0131m\u0131nda Harman\u2019\u0131 tercih etmektedir. Harman, Amerika, Avrupa ve Asya&#8217;da yakla\u015f\u0131k 30.000 ki\u015filik bir i\u015f g\u00fcc\u00fcne sahiptir. Mart 2017&#8217;de Samsung Electronics Co. Ltd.&#8217;nin % 100 i\u015ftiraki haline gelen Harman, marka g\u00fcc\u00fcn\u00fc ve imaj\u0131n\u0131 peki\u015ftirerek d\u00fcnya ve T\u00fcrkiye teknoloji pazar\u0131nda b\u00fcy\u00fck pay elde etmi\u015ftir.<\/p>\n<\/div>\n","protected":false},"excerpt":{"rendered":"<p>JBL<\/p>\n","protected":false},"featured_media":347,"comment_status":"open","ping_status":"closed","template":"","meta":[],"product_cat":[274,211,212,199,280,286,287,208,242],"product_tag":[306,275,277,278,279,232,281,282,307,284,308],"class_list":{"0":"post-271","1":"product","2":"type-product","3":"status-publish","4":"has-post-thumbnail","6":"product_cat-bilgisayar-bilesenleri","7":"product_cat-bilgisayartablet","8":"product_cat-cevre-birimleri","9":"product_cat-elektronik","10":"product_cat-hoparlor","11":"product_cat-mp-player-ses-kayit-cihazlari","12":"product_cat-muzik-sistemleri","13":"product_cat-tum-urunler","14":"product_cat-tvgoruntuses","15":"product_tag-306","16":"product_tag-bluetooth","17":"product_tag-bluetooth-hoparlor","18":"product_tag-go-2","19":"product_tag-hoparlor","20":"product_tag-jbl","21":"product_tag-jbl-go-2","22":"product_tag-jblgo2","23":"product_tag-jblgo2grn","24":"product_tag-jblgo2hoparlor","25":"product_tag-jblgo2yesil","27":"first","28":"outofstock","29":"sale","30":"purchasable","31":"product-type-simple","32":"col-xs-6 col-sm-4","33":"col-md-3 col-lg-3","34":"un-4-cols"},"_links":{"self":[{"href":"https:\/\/loresimall.com\/index.php\/wp-json\/wp\/v2\/product\/271","targetHints":{"allow":["GET"]}}],"collection":[{"href":"https:\/\/loresimall.com\/index.php\/wp-json\/wp\/v2\/product"}],"about":[{"href":"https:\/\/loresimall.com\/index.php\/wp-json\/wp\/v2\/types\/product"}],"replies":[{"embeddable":true,"href":"https:\/\/loresimall.com\/index.php\/wp-json\/wp\/v2\/comments?post=271"}],"wp:featuredmedia":[{"embeddable":true,"href":"https:\/\/loresimall.com\/index.php\/wp-json\/wp\/v2\/media\/347"}],"wp:attachment":[{"href":"https:\/\/loresimall.com\/index.php\/wp-json\/wp\/v2\/media?parent=271"}],"wp:term":[{"taxonomy":"product_cat","embeddable":true,"href":"https:\/\/loresimall.com\/index.php\/wp-json\/wp\/v2\/product_cat?post=271"},{"taxonomy":"product_tag","embeddable":true,"href":"https:\/\/loresimall.com\/index.php\/wp-json\/wp\/v2\/product_tag?post=271"}],"curies":[{"name":"wp","href":"https:\/\/api.w.org\/{rel}","templated":true}]}}