{"id":1022,"date":"2021-10-10T20:33:21","date_gmt":"2021-10-10T20:33:21","guid":{"rendered":"https:\/\/loresimall.com\/?post_type=product&#038;p=1022"},"modified":"2025-02-18T12:26:42","modified_gmt":"2025-02-18T12:26:42","slug":"lr-aloe-via-aloe-vera-yuz-peelingi-75-ml","status":"publish","type":"product","link":"https:\/\/loresimall.com\/index.php\/product\/lr-aloe-via-aloe-vera-yuz-peelingi-75-ml\/","title":{"rendered":"LR ALOE VIA Aloe Vera Y\u00fcz Peelingi 75 ml"},"content":{"rendered":"<p><img fetchpriority=\"high\" decoding=\"async\" class=\"wp-image-987 size-thumbnail aligncenter\" src=\"https:\/\/loresimall.com\/wp-content\/uploads\/2021\/10\/LR-ALOE-VIA-Aloe-Vera-Yuz-Peelingi-75ml-1-280x280.png\" alt=\"\" width=\"280\" height=\"280\" \/><\/p>\n<p style=\"text-align: center;\"><strong>LR ALOE VIA Aloe Vera Y\u00fcz Peelingi (Face Scrub)<\/strong><\/p>\n<p style=\"text-align: center;\">Y\u00fcz\u00fcn\u00fcz i\u00e7in hafif jel doku<\/p>\n<p>\u2022 %50 Aloe Vera Jeli, organik yaban g\u00fcl\u00fc \u00f6z\u00fc ve bitkisel peeling tanecikleri i\u00e7erir<\/p>\n<p>\u2022 Cildi \u00f6l\u00fc h\u00fccrelerden ar\u0131nd\u0131r\u0131r ve taze bir g\u00f6r\u00fcn\u00fcm kazand\u0131r\u0131r.<\/p>\n<p>\u2022 Cildin do\u011fal dengesini bozmadan g\u00f6r\u00fcn\u00fcm\u00fcn\u00fc g\u00fczelle\u015ftirir<\/p>\n<p>\u2022 Cilt yumu\u015fac\u0131k olur ve \u0131\u015f\u0131ldar<\/p>\n<p style=\"text-align: center;\">75 ml<\/p>\n","protected":false},"excerpt":{"rendered":"<p>LR Health &amp; Beauty<\/p>\n","protected":false},"featured_media":987,"comment_status":"open","ping_status":"closed","template":"","meta":[],"product_cat":[530,223,225,208],"product_tag":[574,575,532,576,577],"class_list":{"0":"post-1022","1":"product","2":"type-product","3":"status-publish","4":"has-post-thumbnail","6":"product_cat-aloe-via","7":"product_cat-cilt-bakim","8":"product_cat-kozmetik-saglik","9":"product_cat-tum-urunler","10":"product_tag-aloe-vera-peeling","11":"product_tag-face-scrub","12":"product_tag-lr","13":"product_tag-lr-peeling","14":"product_tag-yuz-peeling","16":"first","17":"outofstock","18":"sale","19":"taxable","20":"shipping-taxable","21":"purchasable","22":"product-type-simple","23":"col-xs-6 col-sm-4","24":"col-md-3 col-lg-3","25":"un-4-cols"},"_links":{"self":[{"href":"https:\/\/loresimall.com\/index.php\/wp-json\/wp\/v2\/product\/1022","targetHints":{"allow":["GET"]}}],"collection":[{"href":"https:\/\/loresimall.com\/index.php\/wp-json\/wp\/v2\/product"}],"about":[{"href":"https:\/\/loresimall.com\/index.php\/wp-json\/wp\/v2\/types\/product"}],"replies":[{"embeddable":true,"href":"https:\/\/loresimall.com\/index.php\/wp-json\/wp\/v2\/comments?post=1022"}],"wp:featuredmedia":[{"embeddable":true,"href":"https:\/\/loresimall.com\/index.php\/wp-json\/wp\/v2\/media\/987"}],"wp:attachment":[{"href":"https:\/\/loresimall.com\/index.php\/wp-json\/wp\/v2\/media?parent=1022"}],"wp:term":[{"taxonomy":"product_cat","embeddable":true,"href":"https:\/\/loresimall.com\/index.php\/wp-json\/wp\/v2\/product_cat?post=1022"},{"taxonomy":"product_tag","embeddable":true,"href":"https:\/\/loresimall.com\/index.php\/wp-json\/wp\/v2\/product_tag?post=1022"}],"curies":[{"name":"wp","href":"https:\/\/api.w.org\/{rel}","templated":true}]}}