{"id":1021,"date":"2021-10-10T20:16:09","date_gmt":"2021-10-10T20:16:09","guid":{"rendered":"https:\/\/loresimall.com\/?post_type=product&#038;p=1021"},"modified":"2025-02-18T12:26:42","modified_gmt":"2025-02-18T12:26:42","slug":"lr-aloe-via-aloe-vera-nemlendirici-yuz-maskesi-75-ml","status":"publish","type":"product","link":"https:\/\/loresimall.com\/index.php\/product\/lr-aloe-via-aloe-vera-nemlendirici-yuz-maskesi-75-ml\/","title":{"rendered":"LR ALOE VIA Aloe Vera Nemlendirici Y\u00fcz Maskesi 75 ml"},"content":{"rendered":"<p><img fetchpriority=\"high\" decoding=\"async\" class=\"wp-image-992 size-thumbnail aligncenter\" src=\"https:\/\/loresimall.com\/wp-content\/uploads\/2021\/10\/LR-ALOE-VIA-Nemlendirici-Yuz-Maskesi-75ml-1-280x280.png\" alt=\"\" width=\"280\" height=\"280\" \/><\/p>\n<p style=\"text-align: center;\"><strong>LR ALOE VIA Aloe Vera Nemlendirici Y\u00fcz Maskesi<\/strong><\/p>\n<p style=\"text-align: center;\">Y\u00fcz\u00fcn\u00fcz i\u00e7in tazeleyici maske<\/p>\n<p>\u2022 %50 Aloe Vera Jel, organik yaban g\u00fcl\u00fc \u00f6z\u00fc, Aquaxyl ve Aquapront\u2122 etken aktif i\u00e7eriklerinin kombinasyonunu i\u00e7erir<\/p>\n<p>\u2022 3 dakikada* %95 daha fazla nem sa\u011flar* (* Ocak 2017 tarihinde Institut Dermatest taraf\u0131ndan 20 kat\u0131l\u0131mc\u0131 ile test edilmi\u015ftir.)<\/p>\n<p>\u2022 Cildin elastikiyetini yeniler ve nem dengesini korur<\/p>\n<p>\u2022 Cildiniz taze g\u00f6r\u00fcn\u00fcr ve \u0131\u015f\u0131ldar<\/p>\n<p style=\"text-align: center;\"><strong>75 ml<\/strong><\/p>\n","protected":false},"excerpt":{"rendered":"<p>LR Health &amp; Beauty<\/p>\n","protected":false},"featured_media":992,"comment_status":"open","ping_status":"closed","template":"","meta":[],"product_cat":[530,223,225,208],"product_tag":[528,536,532,534,572,573],"class_list":{"0":"post-1021","1":"product","2":"type-product","3":"status-publish","4":"has-post-thumbnail","6":"product_cat-aloe-via","7":"product_cat-cilt-bakim","8":"product_cat-kozmetik-saglik","9":"product_cat-tum-urunler","10":"product_tag-aloe-vera","11":"product_tag-aloe-via","12":"product_tag-lr","13":"product_tag-lr-health-beauty","14":"product_tag-lr-yuz-maskesi","15":"product_tag-yuz-maskes","17":"first","18":"outofstock","19":"sale","20":"taxable","21":"shipping-taxable","22":"purchasable","23":"product-type-simple","24":"col-xs-6 col-sm-4","25":"col-md-3 col-lg-3","26":"un-4-cols"},"_links":{"self":[{"href":"https:\/\/loresimall.com\/index.php\/wp-json\/wp\/v2\/product\/1021","targetHints":{"allow":["GET"]}}],"collection":[{"href":"https:\/\/loresimall.com\/index.php\/wp-json\/wp\/v2\/product"}],"about":[{"href":"https:\/\/loresimall.com\/index.php\/wp-json\/wp\/v2\/types\/product"}],"replies":[{"embeddable":true,"href":"https:\/\/loresimall.com\/index.php\/wp-json\/wp\/v2\/comments?post=1021"}],"wp:featuredmedia":[{"embeddable":true,"href":"https:\/\/loresimall.com\/index.php\/wp-json\/wp\/v2\/media\/992"}],"wp:attachment":[{"href":"https:\/\/loresimall.com\/index.php\/wp-json\/wp\/v2\/media?parent=1021"}],"wp:term":[{"taxonomy":"product_cat","embeddable":true,"href":"https:\/\/loresimall.com\/index.php\/wp-json\/wp\/v2\/product_cat?post=1021"},{"taxonomy":"product_tag","embeddable":true,"href":"https:\/\/loresimall.com\/index.php\/wp-json\/wp\/v2\/product_tag?post=1021"}],"curies":[{"name":"wp","href":"https:\/\/api.w.org\/{rel}","templated":true}]}}