{"id":1019,"date":"2021-10-10T20:07:26","date_gmt":"2021-10-10T20:07:26","guid":{"rendered":"https:\/\/loresimall.com\/?post_type=product&#038;p=1019"},"modified":"2025-02-18T12:26:42","modified_gmt":"2025-02-18T12:26:42","slug":"lr-aloe-via-aloe-vera-yuz-bakim-seti-3-parca","status":"publish","type":"product","link":"https:\/\/loresimall.com\/index.php\/product\/lr-aloe-via-aloe-vera-yuz-bakim-seti-3-parca\/","title":{"rendered":"LR ALOE VIA Aloe Vera Y\u00fcz Bak\u0131m Seti 3 Par\u00e7a"},"content":{"rendered":"<p style=\"text-align: center;\"><img fetchpriority=\"high\" decoding=\"async\" class=\"aligncenter wp-image-978 size-thumbnail\" src=\"https:\/\/loresimall.com\/wp-content\/uploads\/2021\/10\/Aloe-Vera-Yuz-Bakim-Seti-1-280x280.png\" alt=\"\" width=\"280\" height=\"280\" \/><\/p>\n<p style=\"text-align: center;\"><strong>LR ALOE VIA Aloe Vera Y\u00fcz Bak\u0131m Seti 3 Par\u00e7a<\/strong><\/p>\n<p style=\"text-align: center;\">&#8211; Aloe Vera G\u00fcnd\u00fcz Kremi \/ 50 ml<\/p>\n<p>&#8211; Aloe Vera Gece Kremi \/ 50 ml<\/p>\n<p>&#8211; Aloe Vera G\u00f6z Kremi \/ 15 ml<\/p>\n","protected":false},"excerpt":{"rendered":"<p>LR Health &amp; Beauty<\/p>\n","protected":false},"featured_media":978,"comment_status":"open","ping_status":"closed","template":"","meta":[],"product_cat":[530,223,225,569,208],"product_tag":[528,536,568,532,570],"class_list":{"0":"post-1019","1":"product","2":"type-product","3":"status-publish","4":"has-post-thumbnail","6":"product_cat-aloe-via","7":"product_cat-cilt-bakim","8":"product_cat-kozmetik-saglik","9":"product_cat-setler","10":"product_cat-tum-urunler","11":"product_tag-aloe-vera","12":"product_tag-aloe-via","13":"product_tag-cilt-bakim-seti","14":"product_tag-lr","15":"product_tag-yuz-bakim-seti","17":"first","18":"outofstock","19":"sale","20":"taxable","21":"shipping-taxable","22":"purchasable","23":"product-type-simple","24":"col-xs-6 col-sm-4","25":"col-md-3 col-lg-3","26":"un-4-cols"},"_links":{"self":[{"href":"https:\/\/loresimall.com\/index.php\/wp-json\/wp\/v2\/product\/1019","targetHints":{"allow":["GET"]}}],"collection":[{"href":"https:\/\/loresimall.com\/index.php\/wp-json\/wp\/v2\/product"}],"about":[{"href":"https:\/\/loresimall.com\/index.php\/wp-json\/wp\/v2\/types\/product"}],"replies":[{"embeddable":true,"href":"https:\/\/loresimall.com\/index.php\/wp-json\/wp\/v2\/comments?post=1019"}],"wp:featuredmedia":[{"embeddable":true,"href":"https:\/\/loresimall.com\/index.php\/wp-json\/wp\/v2\/media\/978"}],"wp:attachment":[{"href":"https:\/\/loresimall.com\/index.php\/wp-json\/wp\/v2\/media?parent=1019"}],"wp:term":[{"taxonomy":"product_cat","embeddable":true,"href":"https:\/\/loresimall.com\/index.php\/wp-json\/wp\/v2\/product_cat?post=1019"},{"taxonomy":"product_tag","embeddable":true,"href":"https:\/\/loresimall.com\/index.php\/wp-json\/wp\/v2\/product_tag?post=1019"}],"curies":[{"name":"wp","href":"https:\/\/api.w.org\/{rel}","templated":true}]}}