{"id":1015,"date":"2021-10-10T19:24:33","date_gmt":"2021-10-10T19:24:33","guid":{"rendered":"https:\/\/loresimall.com\/?post_type=product&#038;p=1015"},"modified":"2025-02-18T12:26:43","modified_gmt":"2025-02-18T12:26:43","slug":"lr-aloe-via-aloe-vera-gece-kremi-50-ml","status":"publish","type":"product","link":"https:\/\/loresimall.com\/index.php\/product\/lr-aloe-via-aloe-vera-gece-kremi-50-ml\/","title":{"rendered":"LR ALOE VIA Aloe Vera Gece Kremi 50 ml"},"content":{"rendered":"<p><img fetchpriority=\"high\" decoding=\"async\" class=\"wp-image-988 size-thumbnail aligncenter\" src=\"https:\/\/loresimall.com\/wp-content\/uploads\/2021\/10\/LR-ALOE-VIA-Gece-Kremi-50-ml-1-280x280.png\" alt=\"\" width=\"280\" height=\"280\" \/><\/p>\n<p style=\"text-align: center;\"><strong>LR ALOE VIA Aloe Vera Gece Kremi 50 ml<\/strong><\/p>\n<p style=\"text-align: center;\">Zengin i\u00e7erikli, hafif kokulu gece bak\u0131m kremi<\/p>\n<p>\u2022 %50 Aloe Vera Jel, zeytin \u00f6z\u00fc ve zeytin ya\u011f\u0131 i\u00e7erir<\/p>\n<p>\u2022 Cildi besler ve yeniler<\/p>\n<p>\u2022 Gece boyunca do\u011fal cilt fonksiyonunu d\u00fczenler<\/p>\n<p>\u2022 Cilt rahatlar ve yumu\u015fac\u0131k olur<\/p>\n<p style=\"text-align: center;\">50 ml<\/p>\n","protected":false},"excerpt":{"rendered":"<p>LR Health &amp; Beauty<\/p>\n","protected":false},"featured_media":988,"comment_status":"open","ping_status":"closed","template":"","meta":[],"product_cat":[530,223,225,208],"product_tag":[528,560,536,561,532,534],"class_list":{"0":"post-1015","1":"product","2":"type-product","3":"status-publish","4":"has-post-thumbnail","6":"product_cat-aloe-via","7":"product_cat-cilt-bakim","8":"product_cat-kozmetik-saglik","9":"product_cat-tum-urunler","10":"product_tag-aloe-vera","11":"product_tag-aloe-vera-gece-kremi","12":"product_tag-aloe-via","13":"product_tag-gece-kremi","14":"product_tag-lr","15":"product_tag-lr-health-beauty","17":"first","18":"outofstock","19":"sale","20":"taxable","21":"shipping-taxable","22":"purchasable","23":"product-type-simple","24":"col-xs-6 col-sm-4","25":"col-md-3 col-lg-3","26":"un-4-cols"},"_links":{"self":[{"href":"https:\/\/loresimall.com\/index.php\/wp-json\/wp\/v2\/product\/1015","targetHints":{"allow":["GET"]}}],"collection":[{"href":"https:\/\/loresimall.com\/index.php\/wp-json\/wp\/v2\/product"}],"about":[{"href":"https:\/\/loresimall.com\/index.php\/wp-json\/wp\/v2\/types\/product"}],"replies":[{"embeddable":true,"href":"https:\/\/loresimall.com\/index.php\/wp-json\/wp\/v2\/comments?post=1015"}],"wp:featuredmedia":[{"embeddable":true,"href":"https:\/\/loresimall.com\/index.php\/wp-json\/wp\/v2\/media\/988"}],"wp:attachment":[{"href":"https:\/\/loresimall.com\/index.php\/wp-json\/wp\/v2\/media?parent=1015"}],"wp:term":[{"taxonomy":"product_cat","embeddable":true,"href":"https:\/\/loresimall.com\/index.php\/wp-json\/wp\/v2\/product_cat?post=1015"},{"taxonomy":"product_tag","embeddable":true,"href":"https:\/\/loresimall.com\/index.php\/wp-json\/wp\/v2\/product_tag?post=1015"}],"curies":[{"name":"wp","href":"https:\/\/api.w.org\/{rel}","templated":true}]}}