{"id":1013,"date":"2021-10-10T19:11:53","date_gmt":"2021-10-10T19:11:53","guid":{"rendered":"https:\/\/loresimall.com\/?post_type=product&#038;p=1013"},"modified":"2025-02-18T12:26:43","modified_gmt":"2025-02-18T12:26:43","slug":"lr-aloe-via-aloe-vera-tonik-200-ml","status":"publish","type":"product","link":"https:\/\/loresimall.com\/index.php\/product\/lr-aloe-via-aloe-vera-tonik-200-ml\/","title":{"rendered":"LR ALOE VIA Aloe Vera Tonik 200 ml"},"content":{"rendered":"<p><img fetchpriority=\"high\" decoding=\"async\" class=\"wp-image-986 size-thumbnail aligncenter\" src=\"https:\/\/loresimall.com\/wp-content\/uploads\/2021\/10\/LR-ALOE-VIA-Aloe-Vera-Tonik-200-ml-1-280x280.png\" alt=\"\" width=\"280\" height=\"280\" \/><\/p>\n<p style=\"text-align: center;\"><strong>LR ALOE VIA Aloe Vera Tonik 200 ml<\/strong><\/p>\n<p style=\"text-align: center;\">Y\u00fcz temizli\u011fi i\u00e7in alkol i\u00e7ermeyen tonik<\/p>\n<p>\u2022 %50 Aloe Vera Jel ve yaban g\u00fcl\u00fc \u00f6z\u00fc i\u00e7erir<\/p>\n<p>\u2022 G\u00f6zenekleri kir ve makyajdan ar\u0131nd\u0131r\u0131r<\/p>\n<p>\u2022 Cildi durular, tazeler ve rahatlat\u0131r<\/p>\n<p>\u2022 Cilde nem sa\u011flar<\/p>\n<p style=\"text-align: center;\">200 ml<\/p>\n<p style=\"text-align: center;\">\n","protected":false},"excerpt":{"rendered":"<p>LR Health &amp; Beauty<\/p>\n","protected":false},"featured_media":986,"comment_status":"open","ping_status":"closed","template":"","meta":[],"product_cat":[530,223,225,208],"product_tag":[528,556,532,534,557],"class_list":{"0":"post-1013","1":"product","2":"type-product","3":"status-publish","4":"has-post-thumbnail","6":"product_cat-aloe-via","7":"product_cat-cilt-bakim","8":"product_cat-kozmetik-saglik","9":"product_cat-tum-urunler","10":"product_tag-aloe-vera","11":"product_tag-aloe-vera-tonik","12":"product_tag-lr","13":"product_tag-lr-health-beauty","14":"product_tag-tonik","16":"first","17":"outofstock","18":"sale","19":"taxable","20":"shipping-taxable","21":"purchasable","22":"product-type-simple","23":"col-xs-6 col-sm-4","24":"col-md-3 col-lg-3","25":"un-4-cols"},"_links":{"self":[{"href":"https:\/\/loresimall.com\/index.php\/wp-json\/wp\/v2\/product\/1013","targetHints":{"allow":["GET"]}}],"collection":[{"href":"https:\/\/loresimall.com\/index.php\/wp-json\/wp\/v2\/product"}],"about":[{"href":"https:\/\/loresimall.com\/index.php\/wp-json\/wp\/v2\/types\/product"}],"replies":[{"embeddable":true,"href":"https:\/\/loresimall.com\/index.php\/wp-json\/wp\/v2\/comments?post=1013"}],"wp:featuredmedia":[{"embeddable":true,"href":"https:\/\/loresimall.com\/index.php\/wp-json\/wp\/v2\/media\/986"}],"wp:attachment":[{"href":"https:\/\/loresimall.com\/index.php\/wp-json\/wp\/v2\/media?parent=1013"}],"wp:term":[{"taxonomy":"product_cat","embeddable":true,"href":"https:\/\/loresimall.com\/index.php\/wp-json\/wp\/v2\/product_cat?post=1013"},{"taxonomy":"product_tag","embeddable":true,"href":"https:\/\/loresimall.com\/index.php\/wp-json\/wp\/v2\/product_tag?post=1013"}],"curies":[{"name":"wp","href":"https:\/\/api.w.org\/{rel}","templated":true}]}}