{"id":1011,"date":"2021-10-10T14:31:47","date_gmt":"2021-10-10T14:31:47","guid":{"rendered":"https:\/\/loresimall.com\/?post_type=product&#038;p=1011"},"modified":"2025-02-18T12:26:43","modified_gmt":"2025-02-18T12:26:43","slug":"lr-aloe-via-aloe-vera-kopuren-maske-50-ml","status":"publish","type":"product","link":"https:\/\/loresimall.com\/index.php\/product\/lr-aloe-via-aloe-vera-kopuren-maske-50-ml\/","title":{"rendered":"LR ALOE V\u0130A Aloe Vera K\u00f6p\u00fcren Maske 50 ml"},"content":{"rendered":"<p><img fetchpriority=\"high\" decoding=\"async\" class=\"wp-image-979 size-thumbnail aligncenter\" src=\"https:\/\/loresimall.com\/wp-content\/uploads\/2021\/10\/LR-Aloe-Vera-Kopuren-Maske-50ml-1-280x280.png\" alt=\"\" width=\"280\" height=\"280\" \/><\/p>\n<p style=\"text-align: center;\">LR ALOE V\u0130A Aloe Vera K\u00f6p\u00fcren Maske<\/p>\n<p style=\"text-align: center;\">Yeni Aloe Vera K\u00f6p\u00fcren Maske\u2018nin \u00e7\u0131t\u0131r \u00e7\u0131t\u0131r ses \u00e7\u0131karan k\u00f6p\u00fckleri sayesinde cildinizde e\u011flenceli bir \u015fekilde derinlemesine temizli\u011fin tad\u0131n\u0131 \u00e7\u0131karabilirsiniz. K\u00f6p\u00fcren maskeyi y\u00fcz\u00fcn\u00fcze<\/p>\n<p>uygulad\u0131ktan hemen sonra, \u00e7\u0131t\u0131r \u00e7\u0131t\u0131r ses \u00e7\u0131karan binlerce baloncu\u011fa d\u00f6n\u00fc\u015fecektir. Cildi \u00f6l\u00fc h\u00fccrelerden, birikmi\u015f kirden ar\u0131nd\u0131r\u0131r ve kirin birikmesini \u00f6nler. Bu muhte\u015fem temizli\u011fi g\u00f6rebilir,<\/p>\n<p>duyabilir ve hissedebilirsiniz! Sonu\u00e7: Taze, canl\u0131 ve \u0131\u015f\u0131lt\u0131l\u0131 bir cilt.<\/p>\n<p style=\"text-align: center;\">\n<p style=\"text-align: center;\">Y\u00fcz i\u00e7in derin etkili, temizleyici detoks etkili k\u00f6p\u00fcren maske<\/p>\n<p>Moringa \u00f6z\u00fc, Zencefil \u00f6z\u00fc, Aloe Vera Jel ve yo\u011fun k\u00f6p\u00fck form\u00fcl\u00fc i\u00e7erir<\/p>\n<p>\u2022 Biriken kirin ciltte kalmas\u0131n\u0131 engeller<\/p>\n<p>\u2022 Nemlendirir<\/p>\n<p>\u2022 Cilt tekrar taze ve canl\u0131 g\u00f6r\u00fcn\u00fcm\u00fcne kavu\u015fur<\/p>\n<p style=\"text-align: center;\">50 ml<\/p>\n","protected":false},"excerpt":{"rendered":"<p>LR Health &amp; Beauty<\/p>\n","protected":false},"featured_media":979,"comment_status":"open","ping_status":"closed","template":"","meta":[],"product_cat":[530,223,225,208],"product_tag":[528,536,554,532,555],"class_list":{"0":"post-1011","1":"product","2":"type-product","3":"status-publish","4":"has-post-thumbnail","6":"product_cat-aloe-via","7":"product_cat-cilt-bakim","8":"product_cat-kozmetik-saglik","9":"product_cat-tum-urunler","10":"product_tag-aloe-vera","11":"product_tag-aloe-via","12":"product_tag-kopuk-maske","13":"product_tag-lr","14":"product_tag-peeling","16":"first","17":"outofstock","18":"sale","19":"taxable","20":"shipping-taxable","21":"purchasable","22":"product-type-simple","23":"col-xs-6 col-sm-4","24":"col-md-3 col-lg-3","25":"un-4-cols"},"_links":{"self":[{"href":"https:\/\/loresimall.com\/index.php\/wp-json\/wp\/v2\/product\/1011","targetHints":{"allow":["GET"]}}],"collection":[{"href":"https:\/\/loresimall.com\/index.php\/wp-json\/wp\/v2\/product"}],"about":[{"href":"https:\/\/loresimall.com\/index.php\/wp-json\/wp\/v2\/types\/product"}],"replies":[{"embeddable":true,"href":"https:\/\/loresimall.com\/index.php\/wp-json\/wp\/v2\/comments?post=1011"}],"wp:featuredmedia":[{"embeddable":true,"href":"https:\/\/loresimall.com\/index.php\/wp-json\/wp\/v2\/media\/979"}],"wp:attachment":[{"href":"https:\/\/loresimall.com\/index.php\/wp-json\/wp\/v2\/media?parent=1011"}],"wp:term":[{"taxonomy":"product_cat","embeddable":true,"href":"https:\/\/loresimall.com\/index.php\/wp-json\/wp\/v2\/product_cat?post=1011"},{"taxonomy":"product_tag","embeddable":true,"href":"https:\/\/loresimall.com\/index.php\/wp-json\/wp\/v2\/product_tag?post=1011"}],"curies":[{"name":"wp","href":"https:\/\/api.w.org\/{rel}","templated":true}]}}