{"id":3536,"date":"2021-04-28T09:05:40","date_gmt":"2021-04-28T09:05:40","guid":{"rendered":"http:\/\/localhost\/dev\/martfury3\/cart\/"},"modified":"2025-02-17T19:18:43","modified_gmt":"2025-02-17T19:18:43","slug":"sepetim","status":"publish","type":"page","link":"https:\/\/loresimall.com\/index.php\/sepetim\/","title":{"rendered":"Al\u0131\u015fveri\u015f Sepetim"},"content":{"rendered":"\n","protected":false},"excerpt":{"rendered":"","protected":false},"author":1,"featured_media":0,"parent":0,"menu_order":0,"comment_status":"closed","ping_status":"closed","template":"","meta":{"footnotes":""},"class_list":["post-3536","page","type-page","status-publish","hentry"],"_links":{"self":[{"href":"https:\/\/loresimall.com\/index.php\/wp-json\/wp\/v2\/pages\/3536","targetHints":{"allow":["GET"]}}],"collection":[{"href":"https:\/\/loresimall.com\/index.php\/wp-json\/wp\/v2\/pages"}],"about":[{"href":"https:\/\/loresimall.com\/index.php\/wp-json\/wp\/v2\/types\/page"}],"author":[{"embeddable":true,"href":"https:\/\/loresimall.com\/index.php\/wp-json\/wp\/v2\/users\/1"}],"replies":[{"embeddable":true,"href":"https:\/\/loresimall.com\/index.php\/wp-json\/wp\/v2\/comments?post=3536"}],"version-history":[{"count":2,"href":"https:\/\/loresimall.com\/index.php\/wp-json\/wp\/v2\/pages\/3536\/revisions"}],"predecessor-version":[{"id":3691,"href":"https:\/\/loresimall.com\/index.php\/wp-json\/wp\/v2\/pages\/3536\/revisions\/3691"}],"wp:attachment":[{"href":"https:\/\/loresimall.com\/index.php\/wp-json\/wp\/v2\/media?parent=3536"}],"curies":[{"name":"wp","href":"https:\/\/api.w.org\/{rel}","templated":true}]}}